{"id":96,"date":"2025-01-15T11:59:17","date_gmt":"2025-01-15T10:59:17","guid":{"rendered":"https:\/\/al-chazeau.fr\/?page_id=96"},"modified":"2025-01-15T20:37:03","modified_gmt":"2025-01-15T19:37:03","slug":"contact","status":"publish","type":"page","link":"https:\/\/al-chazeau.fr\/?page_id=96","title":{"rendered":"Contact"},"content":{"rendered":"\n<div class=\"wp-block-columns is-layout-flex wp-container-core-columns-is-layout-28f84493 wp-block-columns-is-layout-flex\">\n<div class=\"wp-block-column is-layout-flow wp-block-column-is-layout-flow\" style=\"flex-basis:66.66%\">\n<div class=\"wp-block-contact-form-7-contact-form-selector\">\n<div class=\"wpcf7 no-js\" id=\"wpcf7-f95-o1\" lang=\"fr-FR\" dir=\"ltr\" data-wpcf7-id=\"95\">\n<div class=\"screen-reader-response\"><p role=\"status\" aria-live=\"polite\" aria-atomic=\"true\"><\/p> <ul><\/ul><\/div>\n<form action=\"\/index.php?rest_route=%2Fwp%2Fv2%2Fpages%2F96#wpcf7-f95-o1\" method=\"post\" class=\"wpcf7-form init\" aria-label=\"Formulaire de contact\" novalidate=\"novalidate\" data-status=\"init\">\n<fieldset class=\"hidden-fields-container\"><input type=\"hidden\" name=\"_wpcf7\" value=\"95\" \/><input type=\"hidden\" name=\"_wpcf7_version\" value=\"6.1.1\" \/><input type=\"hidden\" name=\"_wpcf7_locale\" value=\"fr_FR\" \/><input type=\"hidden\" name=\"_wpcf7_unit_tag\" value=\"wpcf7-f95-o1\" \/><input type=\"hidden\" name=\"_wpcf7_container_post\" value=\"0\" \/><input type=\"hidden\" name=\"_wpcf7_posted_data_hash\" value=\"\" \/>\n<\/fieldset>\n<p><label> Votre nom<br \/>\n<span class=\"wpcf7-form-control-wrap\" data-name=\"your-name\"><input size=\"40\" maxlength=\"400\" class=\"wpcf7-form-control wpcf7-text wpcf7-validates-as-required\" autocomplete=\"name\" aria-required=\"true\" aria-invalid=\"false\" value=\"\" type=\"text\" name=\"your-name\" \/><\/span> <\/label>\n<\/p>\n<p><label> Votre e-mail<br \/>\n<span class=\"wpcf7-form-control-wrap\" data-name=\"your-email\"><input size=\"40\" maxlength=\"400\" class=\"wpcf7-form-control wpcf7-email wpcf7-validates-as-required wpcf7-text wpcf7-validates-as-email\" autocomplete=\"email\" aria-required=\"true\" aria-invalid=\"false\" value=\"\" type=\"email\" name=\"your-email\" \/><\/span> <\/label>\n<\/p>\n<p><label> Objet<br \/>\n<span class=\"wpcf7-form-control-wrap\" data-name=\"your-subject\"><input size=\"40\" maxlength=\"400\" class=\"wpcf7-form-control wpcf7-text wpcf7-validates-as-required\" aria-required=\"true\" aria-invalid=\"false\" value=\"\" type=\"text\" name=\"your-subject\" \/><\/span> <\/label>\n<\/p>\n<p><label> Votre message (facultatif)<br \/>\n<span class=\"wpcf7-form-control-wrap\" data-name=\"your-message\"><textarea cols=\"40\" rows=\"10\" maxlength=\"2000\" class=\"wpcf7-form-control wpcf7-textarea\" aria-invalid=\"false\" name=\"your-message\"><\/textarea><\/span> <\/label>\n<\/p>\n<p><input class=\"wpcf7-form-control wpcf7-submit has-spinner\" type=\"submit\" value=\"Envoyer\" \/>\n<\/p><div class=\"wpcf7-response-output\" aria-hidden=\"true\"><\/div>\n<\/form>\n<\/div>\n<\/div>\n<\/div>\n\n\n\n<div class=\"wp-block-column is-layout-flow wp-block-column-is-layout-flow\" style=\"flex-basis:33.33%\">\n<h1 class=\"wp-block-heading has-text-align-center\">Contact<\/h1>\n\n\n\n<p>Amicale La\u00efque de Chazeau<br><br>Adresse : 8 Chemin Sainte-Poulette, 42700 Firminy<br><br>T\u00e9l\u00e9phone : 06 67 21 54 99<br>Email : contact@al-chazeau.fr<\/p>\n\n\n\n<p class=\"has-text-align-center\"><img width=\"300\" height=\"300\" class=\"wp-image-93 lws-optimize-lazyload\" style=\"width: 300px;\"  alt=\"\" data-src=\"https:\/\/al-chazeau.fr\/wp-content\/uploads\/2025\/01\/log.png\" srcset=\"https:\/\/al-chazeau.fr\/wp-content\/uploads\/2025\/01\/log.png 646w, https:\/\/al-chazeau.fr\/wp-content\/uploads\/2025\/01\/log-300x300.png 300w, https:\/\/al-chazeau.fr\/wp-content\/uploads\/2025\/01\/log-150x150.png 150w\" sizes=\"(max-width: 300px) 100vw, 300px\" \/><\/p>\n<\/div>\n<\/div>\n\n\n\n<p><br><\/p>\n","protected":false},"excerpt":{"rendered":"<p>Contact Amicale La\u00efque de Chazeau Adresse : 8 Chemin Sainte-Poulette, 42700 Firminy T\u00e9l\u00e9phone : 06 67 21 54 99Email : [&hellip;]<\/p>\n","protected":false},"author":1,"featured_media":0,"parent":0,"menu_order":0,"comment_status":"closed","ping_status":"closed","template":"","meta":{"site-sidebar-layout":"default","site-content-layout":"","ast-site-content-layout":"","site-content-style":"default","site-sidebar-style":"default","ast-global-header-display":"","ast-banner-title-visibility":"","ast-main-header-display":"","ast-hfb-above-header-display":"","ast-hfb-below-header-display":"","ast-hfb-mobile-header-display":"","site-post-title":"disabled","ast-breadcrumbs-content":"","ast-featured-img":"","footer-sml-layout":"","theme-transparent-header-meta":"","adv-header-id-meta":"","stick-header-meta":"","header-above-stick-meta":"","header-main-stick-meta":"","header-below-stick-meta":"","astra-migrate-meta-layouts":"default","ast-page-background-enabled":"default","ast-page-background-meta":{"desktop":{"background-color":"var(--ast-global-color-5)","background-image":"","background-repeat":"repeat","background-position":"center center","background-size":"auto","background-attachment":"scroll","background-type":"","background-media":"","overlay-type":"","overlay-color":"","overlay-opacity":"","overlay-gradient":""},"tablet":{"background-color":"","background-image":"","background-repeat":"repeat","background-position":"center center","background-size":"auto","background-attachment":"scroll","background-type":"","background-media":"","overlay-type":"","overlay-color":"","overlay-opacity":"","overlay-gradient":""},"mobile":{"background-color":"","background-image":"","background-repeat":"repeat","background-position":"center center","background-size":"auto","background-attachment":"scroll","background-type":"","background-media":"","overlay-type":"","overlay-color":"","overlay-opacity":"","overlay-gradient":""}},"ast-content-background-meta":{"desktop":{"background-color":"var(--ast-global-color-4)","background-image":"","background-repeat":"repeat","background-position":"center center","background-size":"auto","background-attachment":"scroll","background-type":"","background-media":"","overlay-type":"","overlay-color":"","overlay-opacity":"","overlay-gradient":""},"tablet":{"background-color":"var(--ast-global-color-4)","background-image":"","background-repeat":"repeat","background-position":"center center","background-size":"auto","background-attachment":"scroll","background-type":"","background-media":"","overlay-type":"","overlay-color":"","overlay-opacity":"","overlay-gradient":""},"mobile":{"background-color":"var(--ast-global-color-4)","background-image":"","background-repeat":"repeat","background-position":"center center","background-size":"auto","background-attachment":"scroll","background-type":"","background-media":"","overlay-type":"","overlay-color":"","overlay-opacity":"","overlay-gradient":""}},"footnotes":""},"class_list":["post-96","page","type-page","status-publish","hentry"],"yoast_head":"<!-- This site is optimized with the Yoast SEO plugin v27.3 - https:\/\/yoast.com\/product\/yoast-seo-wordpress\/ -->\n<title>Contact - Amicale La\u00efque de Chazeau<\/title>\n<meta name=\"robots\" content=\"index, follow, max-snippet:-1, max-image-preview:large, max-video-preview:-1\" \/>\n<link rel=\"canonical\" href=\"https:\/\/al-chazeau.fr\/?page_id=96\" \/>\n<meta property=\"og:locale\" content=\"fr_FR\" \/>\n<meta property=\"og:type\" content=\"article\" \/>\n<meta property=\"og:title\" content=\"Contact - Amicale La\u00efque de Chazeau\" \/>\n<meta property=\"og:description\" content=\"Contact Amicale La\u00efque de Chazeau Adresse : 8 Chemin Sainte-Poulette, 42700 Firminy T\u00e9l\u00e9phone : 06 67 21 54 99Email : [&hellip;]\" \/>\n<meta property=\"og:url\" content=\"https:\/\/al-chazeau.fr\/?page_id=96\" \/>\n<meta property=\"og:site_name\" content=\"Amicale La\u00efque de Chazeau\" \/>\n<meta property=\"article:modified_time\" content=\"2025-01-15T19:37:03+00:00\" \/>\n<meta property=\"og:image\" content=\"https:\/\/al-chazeau.fr\/wp-content\/uploads\/2025\/01\/log.png\" \/>\n<meta name=\"twitter:card\" content=\"summary_large_image\" \/>\n<meta name=\"twitter:label1\" content=\"Dur\u00e9e de lecture estim\u00e9e\" \/>\n\t<meta name=\"twitter:data1\" content=\"1 minute\" \/>\n<script type=\"application\/ld+json\" class=\"yoast-schema-graph\">{\"@context\":\"https:\\\/\\\/schema.org\",\"@graph\":[{\"@type\":\"WebPage\",\"@id\":\"https:\\\/\\\/al-chazeau.fr\\\/?page_id=96\",\"url\":\"https:\\\/\\\/al-chazeau.fr\\\/?page_id=96\",\"name\":\"Contact - Amicale La\u00efque de Chazeau\",\"isPartOf\":{\"@id\":\"https:\\\/\\\/al-chazeau.fr\\\/#website\"},\"primaryImageOfPage\":{\"@id\":\"https:\\\/\\\/al-chazeau.fr\\\/?page_id=96#primaryimage\"},\"image\":{\"@id\":\"https:\\\/\\\/al-chazeau.fr\\\/?page_id=96#primaryimage\"},\"thumbnailUrl\":\"https:\\\/\\\/al-chazeau.fr\\\/wp-content\\\/uploads\\\/2025\\\/01\\\/log.png\",\"datePublished\":\"2025-01-15T10:59:17+00:00\",\"dateModified\":\"2025-01-15T19:37:03+00:00\",\"breadcrumb\":{\"@id\":\"https:\\\/\\\/al-chazeau.fr\\\/?page_id=96#breadcrumb\"},\"inLanguage\":\"fr-FR\",\"potentialAction\":[{\"@type\":\"ReadAction\",\"target\":[\"https:\\\/\\\/al-chazeau.fr\\\/?page_id=96\"]}]},{\"@type\":\"ImageObject\",\"inLanguage\":\"fr-FR\",\"@id\":\"https:\\\/\\\/al-chazeau.fr\\\/?page_id=96#primaryimage\",\"url\":\"https:\\\/\\\/al-chazeau.fr\\\/wp-content\\\/uploads\\\/2025\\\/01\\\/log.png\",\"contentUrl\":\"https:\\\/\\\/al-chazeau.fr\\\/wp-content\\\/uploads\\\/2025\\\/01\\\/log.png\",\"width\":646,\"height\":646},{\"@type\":\"BreadcrumbList\",\"@id\":\"https:\\\/\\\/al-chazeau.fr\\\/?page_id=96#breadcrumb\",\"itemListElement\":[{\"@type\":\"ListItem\",\"position\":1,\"name\":\"Home\",\"item\":\"https:\\\/\\\/al-chazeau.fr\\\/\"},{\"@type\":\"ListItem\",\"position\":2,\"name\":\"Contact\"}]},{\"@type\":\"WebSite\",\"@id\":\"https:\\\/\\\/al-chazeau.fr\\\/#website\",\"url\":\"https:\\\/\\\/al-chazeau.fr\\\/\",\"name\":\"Amicale La\u00efque de Chazeau\",\"description\":\"Amicale La\u00efque de Chazeau\",\"publisher\":{\"@id\":\"https:\\\/\\\/al-chazeau.fr\\\/#organization\"},\"potentialAction\":[{\"@type\":\"SearchAction\",\"target\":{\"@type\":\"EntryPoint\",\"urlTemplate\":\"https:\\\/\\\/al-chazeau.fr\\\/?s={search_term_string}\"},\"query-input\":{\"@type\":\"PropertyValueSpecification\",\"valueRequired\":true,\"valueName\":\"search_term_string\"}}],\"inLanguage\":\"fr-FR\"},{\"@type\":\"Organization\",\"@id\":\"https:\\\/\\\/al-chazeau.fr\\\/#organization\",\"name\":\"Amicale La\u00efque de Chazeau\",\"url\":\"https:\\\/\\\/al-chazeau.fr\\\/\",\"logo\":{\"@type\":\"ImageObject\",\"inLanguage\":\"fr-FR\",\"@id\":\"https:\\\/\\\/al-chazeau.fr\\\/#\\\/schema\\\/logo\\\/image\\\/\",\"url\":\"https:\\\/\\\/al-chazeau.fr\\\/wp-content\\\/uploads\\\/2025\\\/01\\\/cropped-logo-site.png\",\"contentUrl\":\"https:\\\/\\\/al-chazeau.fr\\\/wp-content\\\/uploads\\\/2025\\\/01\\\/cropped-logo-site.png\",\"width\":63,\"height\":60,\"caption\":\"Amicale La\u00efque de Chazeau\"},\"image\":{\"@id\":\"https:\\\/\\\/al-chazeau.fr\\\/#\\\/schema\\\/logo\\\/image\\\/\"}}]}<\/script>\n<!-- \/ Yoast SEO plugin. -->","yoast_head_json":{"title":"Contact - Amicale La\u00efque de Chazeau","robots":{"index":"index","follow":"follow","max-snippet":"max-snippet:-1","max-image-preview":"max-image-preview:large","max-video-preview":"max-video-preview:-1"},"canonical":"https:\/\/al-chazeau.fr\/?page_id=96","og_locale":"fr_FR","og_type":"article","og_title":"Contact - Amicale La\u00efque de Chazeau","og_description":"Contact Amicale La\u00efque de Chazeau Adresse : 8 Chemin Sainte-Poulette, 42700 Firminy T\u00e9l\u00e9phone : 06 67 21 54 99Email : [&hellip;]","og_url":"https:\/\/al-chazeau.fr\/?page_id=96","og_site_name":"Amicale La\u00efque de Chazeau","article_modified_time":"2025-01-15T19:37:03+00:00","og_image":[{"url":"https:\/\/al-chazeau.fr\/wp-content\/uploads\/2025\/01\/log.png","type":"","width":"","height":""}],"twitter_card":"summary_large_image","twitter_misc":{"Dur\u00e9e de lecture estim\u00e9e":"1 minute"},"schema":{"@context":"https:\/\/schema.org","@graph":[{"@type":"WebPage","@id":"https:\/\/al-chazeau.fr\/?page_id=96","url":"https:\/\/al-chazeau.fr\/?page_id=96","name":"Contact - Amicale La\u00efque de Chazeau","isPartOf":{"@id":"https:\/\/al-chazeau.fr\/#website"},"primaryImageOfPage":{"@id":"https:\/\/al-chazeau.fr\/?page_id=96#primaryimage"},"image":{"@id":"https:\/\/al-chazeau.fr\/?page_id=96#primaryimage"},"thumbnailUrl":"https:\/\/al-chazeau.fr\/wp-content\/uploads\/2025\/01\/log.png","datePublished":"2025-01-15T10:59:17+00:00","dateModified":"2025-01-15T19:37:03+00:00","breadcrumb":{"@id":"https:\/\/al-chazeau.fr\/?page_id=96#breadcrumb"},"inLanguage":"fr-FR","potentialAction":[{"@type":"ReadAction","target":["https:\/\/al-chazeau.fr\/?page_id=96"]}]},{"@type":"ImageObject","inLanguage":"fr-FR","@id":"https:\/\/al-chazeau.fr\/?page_id=96#primaryimage","url":"https:\/\/al-chazeau.fr\/wp-content\/uploads\/2025\/01\/log.png","contentUrl":"https:\/\/al-chazeau.fr\/wp-content\/uploads\/2025\/01\/log.png","width":646,"height":646},{"@type":"BreadcrumbList","@id":"https:\/\/al-chazeau.fr\/?page_id=96#breadcrumb","itemListElement":[{"@type":"ListItem","position":1,"name":"Home","item":"https:\/\/al-chazeau.fr\/"},{"@type":"ListItem","position":2,"name":"Contact"}]},{"@type":"WebSite","@id":"https:\/\/al-chazeau.fr\/#website","url":"https:\/\/al-chazeau.fr\/","name":"Amicale La\u00efque de Chazeau","description":"Amicale La\u00efque de Chazeau","publisher":{"@id":"https:\/\/al-chazeau.fr\/#organization"},"potentialAction":[{"@type":"SearchAction","target":{"@type":"EntryPoint","urlTemplate":"https:\/\/al-chazeau.fr\/?s={search_term_string}"},"query-input":{"@type":"PropertyValueSpecification","valueRequired":true,"valueName":"search_term_string"}}],"inLanguage":"fr-FR"},{"@type":"Organization","@id":"https:\/\/al-chazeau.fr\/#organization","name":"Amicale La\u00efque de Chazeau","url":"https:\/\/al-chazeau.fr\/","logo":{"@type":"ImageObject","inLanguage":"fr-FR","@id":"https:\/\/al-chazeau.fr\/#\/schema\/logo\/image\/","url":"https:\/\/al-chazeau.fr\/wp-content\/uploads\/2025\/01\/cropped-logo-site.png","contentUrl":"https:\/\/al-chazeau.fr\/wp-content\/uploads\/2025\/01\/cropped-logo-site.png","width":63,"height":60,"caption":"Amicale La\u00efque de Chazeau"},"image":{"@id":"https:\/\/al-chazeau.fr\/#\/schema\/logo\/image\/"}}]}},"_links":{"self":[{"href":"https:\/\/al-chazeau.fr\/index.php?rest_route=\/wp\/v2\/pages\/96","targetHints":{"allow":["GET"]}}],"collection":[{"href":"https:\/\/al-chazeau.fr\/index.php?rest_route=\/wp\/v2\/pages"}],"about":[{"href":"https:\/\/al-chazeau.fr\/index.php?rest_route=\/wp\/v2\/types\/page"}],"author":[{"embeddable":true,"href":"https:\/\/al-chazeau.fr\/index.php?rest_route=\/wp\/v2\/users\/1"}],"replies":[{"embeddable":true,"href":"https:\/\/al-chazeau.fr\/index.php?rest_route=%2Fwp%2Fv2%2Fcomments&post=96"}],"version-history":[{"count":4,"href":"https:\/\/al-chazeau.fr\/index.php?rest_route=\/wp\/v2\/pages\/96\/revisions"}],"predecessor-version":[{"id":175,"href":"https:\/\/al-chazeau.fr\/index.php?rest_route=\/wp\/v2\/pages\/96\/revisions\/175"}],"wp:attachment":[{"href":"https:\/\/al-chazeau.fr\/index.php?rest_route=%2Fwp%2Fv2%2Fmedia&parent=96"}],"curies":[{"name":"wp","href":"https:\/\/api.w.org\/{rel}","templated":true}]}}