{"id":8,"date":"2025-01-08T14:38:03","date_gmt":"2025-01-08T13:38:03","guid":{"rendered":"https:\/\/al-chazeau.fr\/?page_id=8"},"modified":"2025-04-07T15:29:44","modified_gmt":"2025-04-07T13:29:44","slug":"accueil","status":"publish","type":"page","link":"https:\/\/al-chazeau.fr\/","title":{"rendered":"Accueil"},"content":{"rendered":"\n<div class=\"wp-block-cover alignfull is-light\" style=\"min-height:720px;aspect-ratio:unset;\"><span aria-hidden=\"true\" class=\"wp-block-cover__background has-background-dim-100 has-background-dim has-background-gradient\" style=\"background:linear-gradient(35deg,rgb(6,0,151) 0%,rgb(130,4,255) 73%,rgb(193,15,255) 100%)\"><\/span><div class=\"wp-block-cover__inner-container is-layout-flow wp-block-cover-is-layout-flow\">\n<div class=\"inherit-container-width wp-block-group alignfull is-layout-constrained wp-block-group-is-layout-constrained\">\n<div class=\"wp-block-columns is-layout-flex wp-container-core-columns-is-layout-28f84493 wp-block-columns-is-layout-flex\">\n<div class=\"wp-block-column is-layout-flow wp-block-column-is-layout-flow\">\n<h1 class=\"wp-block-heading has-text-align-center\"><strong><mark style=\"background-color:rgba(0, 0, 0, 0)\" class=\"has-inline-color has-ast-global-color-4-color\">Bienvenue sur le site de<\/mark><\/strong><br> <img width=\"500\" height=\"61\" class=\"wp-image-11 lws-optimize-lazyload\" style=\"width: 500px;\"  alt=\"\" data-src=\"https:\/\/al-chazeau.fr\/wp-content\/uploads\/2025\/01\/logo-1-e1736343675380.png\" srcset=\"https:\/\/al-chazeau.fr\/wp-content\/uploads\/2025\/01\/logo-1-e1736343675380.png 1375w, https:\/\/al-chazeau.fr\/wp-content\/uploads\/2025\/01\/logo-1-e1736343675380-300x36.png 300w, https:\/\/al-chazeau.fr\/wp-content\/uploads\/2025\/01\/logo-1-e1736343675380-1024x124.png 1024w, https:\/\/al-chazeau.fr\/wp-content\/uploads\/2025\/01\/logo-1-e1736343675380-768x93.png 768w\" sizes=\"(max-width: 500px) 100vw, 500px\" \/><\/h1>\n\n\n\n<div class=\"wp-block-columns is-layout-flex wp-container-core-columns-is-layout-28f84493 wp-block-columns-is-layout-flex\">\n<div class=\"wp-block-column is-layout-flow wp-block-column-is-layout-flow\">\n<p><mark style=\"background-color:rgba(0, 0, 0, 0)\" class=\"has-inline-color has-ast-global-color-4-color\">Prochain \u00e9v\u00e9nement :<\/mark><\/p>\n\n\n\n<figure class=\"wp-block-image size-large\"><a href=\"https:\/\/al-chazeau.fr\/wp-content\/uploads\/2025\/04\/Sans-titre.png\"><img width=\"724\" height=\"1024\"  alt=\"\" class=\"wp-image-166 lws-optimize-lazyload\"\/ data-src=\"https:\/\/al-chazeau.fr\/wp-content\/uploads\/2025\/04\/Sans-titre-724x1024.png\" srcset=\"https:\/\/al-chazeau.fr\/wp-content\/uploads\/2025\/04\/Sans-titre-724x1024.png 724w, https:\/\/al-chazeau.fr\/wp-content\/uploads\/2025\/04\/Sans-titre-212x300.png 212w, https:\/\/al-chazeau.fr\/wp-content\/uploads\/2025\/04\/Sans-titre-768x1086.png 768w, https:\/\/al-chazeau.fr\/wp-content\/uploads\/2025\/04\/Sans-titre-1086x1536.png 1086w, https:\/\/al-chazeau.fr\/wp-content\/uploads\/2025\/04\/Sans-titre-1448x2048.png 1448w\" sizes=\"(max-width: 724px) 100vw, 724px\" \/><\/a><\/figure>\n<\/div>\n\n\n\n<div class=\"wp-block-column is-layout-flow wp-block-column-is-layout-flow\">\n<h4 class=\"wp-block-heading\"><mark style=\"background-color:rgba(0, 0, 0, 0)\" class=\"has-inline-color has-ast-global-color-4-color\">Calendrier :<\/mark><\/h4>\n\n\n\n<p><mark style=\"background-color:rgba(0, 0, 0, 0)\" class=\"has-inline-color has-ast-global-color-4-color\"><s><strong>Samedi 25 Janvier<\/strong> : Journ\u00e9e du Cochon<\/s><br><s><strong>Samedi 15 F\u00e9vrier :<\/strong> Tripes \/ Saucisse<\/s><br><s><strong>Dimanche 2 Mars :<\/strong> Les Sentiers de Chazeau (Marche)<\/s><br><strong>D<\/strong><s><strong>imanche 23 Mars<\/strong> <strong>:<\/strong> Loto Basket<\/s><br><s><strong>Samedi 5 Avril :<\/strong> Championnat R\u00e9gionale Foot de Table<\/s><\/mark><br><mark style=\"background-color:rgba(0, 0, 0, 0)\" class=\"has-inline-color has-ast-global-color-4-color\"><strong>Vendredi 11 Avril :<\/strong> Soir\u00e9e Familiale<\/mark><\/p>\n<\/div>\n<\/div>\n<\/div>\n\n\n\n<div class=\"wp-block-column is-layout-flow wp-block-column-is-layout-flow\">\n<div class=\"wp-block-columns is-layout-flex wp-container-core-columns-is-layout-28f84493 wp-block-columns-is-layout-flex\">\n<div class=\"wp-block-column is-layout-flow wp-block-column-is-layout-flow\">\n<figure class=\"wp-block-image aligncenter size-full is-resized\"><img width=\"512\" height=\"512\"  alt=\"\" class=\"wp-image-137 lws-optimize-lazyload\" style=\"width:124px;height:auto\"\/ data-src=\"https:\/\/al-chazeau.fr\/wp-content\/uploads\/2025\/01\/marche-a-pied.png\" srcset=\"https:\/\/al-chazeau.fr\/wp-content\/uploads\/2025\/01\/marche-a-pied.png 512w, https:\/\/al-chazeau.fr\/wp-content\/uploads\/2025\/01\/marche-a-pied-300x300.png 300w, https:\/\/al-chazeau.fr\/wp-content\/uploads\/2025\/01\/marche-a-pied-150x150.png 150w\" sizes=\"(max-width: 512px) 100vw, 512px\" \/><figcaption class=\"wp-element-caption\"><strong><mark style=\"background-color:rgba(0, 0, 0, 0)\" class=\"has-inline-color has-ast-global-color-4-color\">Marche Nordique<\/mark><\/strong><\/figcaption><\/figure>\n<\/div>\n\n\n\n<div class=\"wp-block-column is-layout-flow wp-block-column-is-layout-flow\">\n<figure class=\"wp-block-image aligncenter size-full is-resized\"><img width=\"512\" height=\"512\"  alt=\"\" class=\"wp-image-138 lws-optimize-lazyload\" style=\"width:129px;height:auto\"\/ data-src=\"https:\/\/al-chazeau.fr\/wp-content\/uploads\/2025\/01\/randonnee.png\" srcset=\"https:\/\/al-chazeau.fr\/wp-content\/uploads\/2025\/01\/randonnee.png 512w, https:\/\/al-chazeau.fr\/wp-content\/uploads\/2025\/01\/randonnee-300x300.png 300w, https:\/\/al-chazeau.fr\/wp-content\/uploads\/2025\/01\/randonnee-150x150.png 150w\" sizes=\"(max-width: 512px) 100vw, 512px\" \/><\/figure>\n\n\n\n<p class=\"has-text-align-center\"><mark style=\"background-color:rgba(0, 0, 0, 0)\" class=\"has-inline-color has-ast-global-color-4-color\">Randonn\u00e9e<\/mark><\/p>\n<\/div>\n\n\n\n<div class=\"wp-block-column is-layout-flow wp-block-column-is-layout-flow\">\n<figure class=\"wp-block-image aligncenter size-full is-resized\"><img width=\"328\" height=\"336\"  alt=\"\" class=\"wp-image-139 lws-optimize-lazyload\" style=\"width:135px;height:auto\"\/ data-src=\"https:\/\/al-chazeau.fr\/wp-content\/uploads\/2025\/01\/sport-e1738335500468.png\" srcset=\"https:\/\/al-chazeau.fr\/wp-content\/uploads\/2025\/01\/sport-e1738335500468.png 328w, https:\/\/al-chazeau.fr\/wp-content\/uploads\/2025\/01\/sport-e1738335500468-293x300.png 293w\" sizes=\"(max-width: 328px) 100vw, 328px\" \/><\/figure>\n\n\n\n<p class=\"has-text-align-center\"><mark style=\"background-color:rgba(0, 0, 0, 0)\" class=\"has-inline-color has-ast-global-color-4-color\">P\u00e9tanque<\/mark><\/p>\n<\/div>\n<\/div>\n\n\n\n<div class=\"wp-block-columns is-layout-flex wp-container-core-columns-is-layout-28f84493 wp-block-columns-is-layout-flex\">\n<div class=\"wp-block-column is-layout-flow wp-block-column-is-layout-flow\">\n<figure class=\"wp-block-image aligncenter size-full is-resized\"><a href=\"https:\/\/al-chazeau.fr\/?page_id=49\"><img width=\"512\" height=\"512\"  alt=\"\" class=\"wp-image-140 lws-optimize-lazyload\" style=\"width:140px;height:auto\"\/ data-src=\"https:\/\/al-chazeau.fr\/wp-content\/uploads\/2025\/01\/joueur-de-football.png\" srcset=\"https:\/\/al-chazeau.fr\/wp-content\/uploads\/2025\/01\/joueur-de-football.png 512w, https:\/\/al-chazeau.fr\/wp-content\/uploads\/2025\/01\/joueur-de-football-300x300.png 300w, https:\/\/al-chazeau.fr\/wp-content\/uploads\/2025\/01\/joueur-de-football-150x150.png 150w\" sizes=\"(max-width: 512px) 100vw, 512px\" \/><\/a><\/figure>\n\n\n\n<p class=\"has-text-align-center\"><mark style=\"background-color:rgba(0, 0, 0, 0)\" class=\"has-inline-color has-ast-global-color-4-color\">Foot \u00e0 7<\/mark><\/p>\n<\/div>\n\n\n\n<div class=\"wp-block-column is-layout-flow wp-block-column-is-layout-flow\">\n<figure class=\"wp-block-image aligncenter size-full is-resized\"><img width=\"512\" height=\"512\"  alt=\"\" class=\"wp-image-141 lws-optimize-lazyload\" style=\"width:147px;height:auto\"\/ data-src=\"https:\/\/al-chazeau.fr\/wp-content\/uploads\/2025\/01\/homme-jouant-au-basket.png\" srcset=\"https:\/\/al-chazeau.fr\/wp-content\/uploads\/2025\/01\/homme-jouant-au-basket.png 512w, https:\/\/al-chazeau.fr\/wp-content\/uploads\/2025\/01\/homme-jouant-au-basket-300x300.png 300w, https:\/\/al-chazeau.fr\/wp-content\/uploads\/2025\/01\/homme-jouant-au-basket-150x150.png 150w\" sizes=\"(max-width: 512px) 100vw, 512px\" \/><\/figure>\n\n\n\n<p class=\"has-text-align-center\"><mark style=\"background-color:rgba(0, 0, 0, 0)\" class=\"has-inline-color has-ast-global-color-4-color\">Basket<\/mark><\/p>\n<\/div>\n\n\n\n<div class=\"wp-block-column is-layout-flow wp-block-column-is-layout-flow\">\n<figure class=\"wp-block-image aligncenter size-full is-resized\"><img width=\"512\" height=\"513\"  alt=\"\" class=\"wp-image-142 lws-optimize-lazyload\" style=\"width:148px;height:auto\"\/ data-src=\"https:\/\/al-chazeau.fr\/wp-content\/uploads\/2025\/01\/meditation.png\" srcset=\"https:\/\/al-chazeau.fr\/wp-content\/uploads\/2025\/01\/meditation.png 512w, https:\/\/al-chazeau.fr\/wp-content\/uploads\/2025\/01\/meditation-300x300.png 300w, https:\/\/al-chazeau.fr\/wp-content\/uploads\/2025\/01\/meditation-150x150.png 150w\" sizes=\"(max-width: 512px) 100vw, 512px\" \/><\/figure>\n\n\n\n<p class=\"has-text-align-center\"><mark style=\"background-color:rgba(0, 0, 0, 0)\" class=\"has-inline-color has-ast-global-color-4-color\">Sophrologie<\/mark><\/p>\n<\/div>\n<\/div>\n\n\n\n<div class=\"wp-block-columns is-layout-flex wp-container-core-columns-is-layout-28f84493 wp-block-columns-is-layout-flex\">\n<div class=\"wp-block-column is-layout-flow wp-block-column-is-layout-flow\">\n<figure class=\"wp-block-image aligncenter size-full is-resized\"><img width=\"512\" height=\"512\"  alt=\"\" class=\"wp-image-143 lws-optimize-lazyload\" style=\"width:117px;height:auto\"\/ data-src=\"https:\/\/al-chazeau.fr\/wp-content\/uploads\/2025\/01\/cartes.png\" srcset=\"https:\/\/al-chazeau.fr\/wp-content\/uploads\/2025\/01\/cartes.png 512w, https:\/\/al-chazeau.fr\/wp-content\/uploads\/2025\/01\/cartes-300x300.png 300w, https:\/\/al-chazeau.fr\/wp-content\/uploads\/2025\/01\/cartes-150x150.png 150w\" sizes=\"(max-width: 512px) 100vw, 512px\" \/><\/figure>\n\n\n\n<p class=\"has-text-align-center\"><mark style=\"background-color:rgba(0, 0, 0, 0)\" class=\"has-inline-color has-ast-global-color-4-color\">Cartes<\/mark><\/p>\n<\/div>\n\n\n\n<div class=\"wp-block-column is-layout-flow wp-block-column-is-layout-flow\"><\/div>\n\n\n\n<div class=\"wp-block-column is-layout-flow wp-block-column-is-layout-flow\"><\/div>\n<\/div>\n<\/div>\n<\/div>\n<\/div>\n<\/div><\/div>\n\n\n\n<p class=\"has-text-align-center\"><img width=\"40\" height=\"41\" class=\"wp-image-30 lws-optimize-lazyload\" style=\"width: 40px;\"  alt=\"\" data-src=\"https:\/\/al-chazeau.fr\/wp-content\/uploads\/2025\/01\/png-clipart-icon-attention-angle-triangle.png\" srcset=\"https:\/\/al-chazeau.fr\/wp-content\/uploads\/2025\/01\/png-clipart-icon-attention-angle-triangle.png 892w, https:\/\/al-chazeau.fr\/wp-content\/uploads\/2025\/01\/png-clipart-icon-attention-angle-triangle-292x300.png 292w, https:\/\/al-chazeau.fr\/wp-content\/uploads\/2025\/01\/png-clipart-icon-attention-angle-triangle-150x150.png 150w, https:\/\/al-chazeau.fr\/wp-content\/uploads\/2025\/01\/png-clipart-icon-attention-angle-triangle-768x788.png 768w\" sizes=\"(max-width: 40px) 100vw, 40px\" \/> Site en cours de d\u00e9veloppement <img width=\"40\" height=\"41\" class=\"wp-image-30 lws-optimize-lazyload\" style=\"width: 40px;\"  alt=\"\" data-src=\"https:\/\/al-chazeau.fr\/wp-content\/uploads\/2025\/01\/png-clipart-icon-attention-angle-triangle.png\" srcset=\"https:\/\/al-chazeau.fr\/wp-content\/uploads\/2025\/01\/png-clipart-icon-attention-angle-triangle.png 892w, https:\/\/al-chazeau.fr\/wp-content\/uploads\/2025\/01\/png-clipart-icon-attention-angle-triangle-292x300.png 292w, https:\/\/al-chazeau.fr\/wp-content\/uploads\/2025\/01\/png-clipart-icon-attention-angle-triangle-150x150.png 150w, https:\/\/al-chazeau.fr\/wp-content\/uploads\/2025\/01\/png-clipart-icon-attention-angle-triangle-768x788.png 768w\" sizes=\"(max-width: 40px) 100vw, 40px\" \/><\/p>\n\n\n\n<h2 class=\"wp-block-heading\">Prochain \u00e9v\u00e9nement :<\/h2>\n\n\n\n<div class=\"wp-block-columns is-layout-flex wp-container-core-columns-is-layout-28f84493 wp-block-columns-is-layout-flex\">\n<div class=\"wp-block-column is-layout-flow wp-block-column-is-layout-flow\">\n<figure class=\"wp-block-image size-large\"><img width=\"724\" height=\"1024\"  alt=\"\" class=\"wp-image-166 lws-optimize-lazyload\"\/ data-src=\"https:\/\/al-chazeau.fr\/wp-content\/uploads\/2025\/04\/Sans-titre-724x1024.png\" srcset=\"https:\/\/al-chazeau.fr\/wp-content\/uploads\/2025\/04\/Sans-titre-724x1024.png 724w, https:\/\/al-chazeau.fr\/wp-content\/uploads\/2025\/04\/Sans-titre-212x300.png 212w, https:\/\/al-chazeau.fr\/wp-content\/uploads\/2025\/04\/Sans-titre-768x1086.png 768w, https:\/\/al-chazeau.fr\/wp-content\/uploads\/2025\/04\/Sans-titre-1086x1536.png 1086w, https:\/\/al-chazeau.fr\/wp-content\/uploads\/2025\/04\/Sans-titre-1448x2048.png 1448w\" sizes=\"(max-width: 724px) 100vw, 724px\" \/><\/figure>\n<\/div>\n\n\n\n<div class=\"wp-block-column is-layout-flow wp-block-column-is-layout-flow\">\n<p class=\"has-text-align-center has-x-large-font-size\"><br><\/p>\n\n\n\n<p>&#8212;&#8212;&#8212;&#8212;&#8212;&#8212;&#8212;&#8212;&#8212;&#8212;&#8212;&#8212;&#8212;&#8212;&#8212;&#8212;&#8212;&#8212;&#8212;&#8212;&#8212;&#8212;&#8212;&#8212;&#8212;&#8212;&#8212;&#8212;<\/p>\n\n\n\n<h4 class=\"wp-block-heading\">Calendrier  : <\/h4>\n\n\n\n<p><s><strong>Samedi 25 Janvier<\/strong> : Journ\u00e9e du Cochon<\/s><br><s><strong>Samedi 15 F\u00e9vrier :<\/strong> Tripes \/ Saucisse<br><strong>Dimanche 2 Mars :<\/strong> Les Sentiers de Chazeau (Marche)<\/s><br><s><strong>Dimanche 23 Mars<\/strong> <strong>:<\/strong> Loto Basket<\/s><br><s><strong>Samedi 5 Avril :<\/strong> Championnat R\u00e9gionale Foot de Table<\/s><br><strong>Vendredi 11 Avril :<\/strong> Soir\u00e9e Familiale<\/p>\n<\/div>\n<\/div>\n\n\n\n<p><\/p>\n","protected":false},"excerpt":{"rendered":"<p>Site en cours de d\u00e9veloppement Prochain \u00e9v\u00e9nement : &#8212;&#8212;&#8212;&#8212;&#8212;&#8212;&#8212;&#8212;&#8212;&#8212;&#8212;&#8212;&#8212;&#8212;&#8212;&#8212;&#8212;&#8212;&#8212;&#8212;&#8212;&#8212;&#8212;&#8212;&#8212;&#8212;&#8212;&#8212; Calendrier : Samedi 25 Janvier : Journ\u00e9e du CochonSamedi 15 F\u00e9vrier [&hellip;]<\/p>\n","protected":false},"author":1,"featured_media":0,"parent":0,"menu_order":0,"comment_status":"closed","ping_status":"closed","template":"","meta":{"site-sidebar-layout":"no-sidebar","site-content-layout":"plain-container","ast-site-content-layout":"default","site-content-style":"default","site-sidebar-style":"default","ast-global-header-display":"","ast-banner-title-visibility":"","ast-main-header-display":"","ast-hfb-above-header-display":"","ast-hfb-below-header-display":"","ast-hfb-mobile-header-display":"","site-post-title":"disabled","ast-breadcrumbs-content":"","ast-featured-img":"","footer-sml-layout":"","theme-transparent-header-meta":"enabled","adv-header-id-meta":"","stick-header-meta":"","header-above-stick-meta":"","header-main-stick-meta":"","header-below-stick-meta":"","astra-migrate-meta-layouts":"default","ast-page-background-enabled":"default","ast-page-background-meta":{"desktop":{"background-color":"var(--ast-global-color-5)","background-image":"","background-repeat":"repeat","background-position":"center center","background-size":"auto","background-attachment":"scroll","background-type":"","background-media":"","overlay-type":"","overlay-color":"","overlay-opacity":"","overlay-gradient":""},"tablet":{"background-color":"","background-image":"","background-repeat":"repeat","background-position":"center center","background-size":"auto","background-attachment":"scroll","background-type":"","background-media":"","overlay-type":"","overlay-color":"","overlay-opacity":"","overlay-gradient":""},"mobile":{"background-color":"","background-image":"","background-repeat":"repeat","background-position":"center center","background-size":"auto","background-attachment":"scroll","background-type":"","background-media":"","overlay-type":"","overlay-color":"","overlay-opacity":"","overlay-gradient":""}},"ast-content-background-meta":{"desktop":{"background-color":"var(--ast-global-color-4)","background-image":"","background-repeat":"repeat","background-position":"center center","background-size":"auto","background-attachment":"scroll","background-type":"","background-media":"","overlay-type":"","overlay-color":"","overlay-opacity":"","overlay-gradient":""},"tablet":{"background-color":"var(--ast-global-color-4)","background-image":"","background-repeat":"repeat","background-position":"center center","background-size":"auto","background-attachment":"scroll","background-type":"","background-media":"","overlay-type":"","overlay-color":"","overlay-opacity":"","overlay-gradient":""},"mobile":{"background-color":"var(--ast-global-color-4)","background-image":"","background-repeat":"repeat","background-position":"center center","background-size":"auto","background-attachment":"scroll","background-type":"","background-media":"","overlay-type":"","overlay-color":"","overlay-opacity":"","overlay-gradient":""}},"footnotes":""},"class_list":["post-8","page","type-page","status-publish","hentry"],"yoast_head":"<!-- This site is optimized with the Yoast SEO plugin v27.3 - https:\/\/yoast.com\/product\/yoast-seo-wordpress\/ -->\n<title>Accueil - Amicale La\u00efque de Chazeau<\/title>\n<meta name=\"robots\" content=\"index, follow, max-snippet:-1, max-image-preview:large, max-video-preview:-1\" \/>\n<link rel=\"canonical\" href=\"https:\/\/al-chazeau.fr\/\" \/>\n<meta property=\"og:locale\" content=\"fr_FR\" \/>\n<meta property=\"og:type\" content=\"article\" \/>\n<meta property=\"og:title\" content=\"Accueil - Amicale La\u00efque de Chazeau\" \/>\n<meta property=\"og:description\" content=\"Site en cours de d\u00e9veloppement Prochain \u00e9v\u00e9nement : &#8212;&#8212;&#8212;&#8212;&#8212;&#8212;&#8212;&#8212;&#8212;&#8212;&#8212;&#8212;&#8212;&#8212;&#8212;&#8212;&#8212;&#8212;&#8212;&#8212;&#8212;&#8212;&#8212;&#8212;&#8212;&#8212;&#8212;&#8212; Calendrier : Samedi 25 Janvier : Journ\u00e9e du CochonSamedi 15 F\u00e9vrier [&hellip;]\" \/>\n<meta property=\"og:url\" content=\"https:\/\/al-chazeau.fr\/\" \/>\n<meta property=\"og:site_name\" content=\"Amicale La\u00efque de Chazeau\" \/>\n<meta property=\"article:modified_time\" content=\"2025-04-07T13:29:44+00:00\" \/>\n<meta property=\"og:image\" content=\"https:\/\/al-chazeau.fr\/wp-content\/uploads\/2025\/01\/logo-1-e1736343675380.png\" \/>\n<meta name=\"twitter:card\" content=\"summary_large_image\" \/>\n<meta name=\"twitter:label1\" content=\"Dur\u00e9e de lecture estim\u00e9e\" \/>\n\t<meta name=\"twitter:data1\" content=\"3 minutes\" \/>\n<script type=\"application\/ld+json\" class=\"yoast-schema-graph\">{\"@context\":\"https:\\\/\\\/schema.org\",\"@graph\":[{\"@type\":\"WebPage\",\"@id\":\"https:\\\/\\\/al-chazeau.fr\\\/\",\"url\":\"https:\\\/\\\/al-chazeau.fr\\\/\",\"name\":\"Accueil - Amicale La\u00efque de Chazeau\",\"isPartOf\":{\"@id\":\"https:\\\/\\\/al-chazeau.fr\\\/#website\"},\"primaryImageOfPage\":{\"@id\":\"https:\\\/\\\/al-chazeau.fr\\\/#primaryimage\"},\"image\":{\"@id\":\"https:\\\/\\\/al-chazeau.fr\\\/#primaryimage\"},\"thumbnailUrl\":\"https:\\\/\\\/al-chazeau.fr\\\/wp-content\\\/uploads\\\/2025\\\/01\\\/logo-1-e1736343675380.png\",\"datePublished\":\"2025-01-08T13:38:03+00:00\",\"dateModified\":\"2025-04-07T13:29:44+00:00\",\"breadcrumb\":{\"@id\":\"https:\\\/\\\/al-chazeau.fr\\\/#breadcrumb\"},\"inLanguage\":\"fr-FR\",\"potentialAction\":[{\"@type\":\"ReadAction\",\"target\":[\"https:\\\/\\\/al-chazeau.fr\\\/\"]}]},{\"@type\":\"ImageObject\",\"inLanguage\":\"fr-FR\",\"@id\":\"https:\\\/\\\/al-chazeau.fr\\\/#primaryimage\",\"url\":\"https:\\\/\\\/al-chazeau.fr\\\/wp-content\\\/uploads\\\/2025\\\/01\\\/logo-1-e1736343675380.png\",\"contentUrl\":\"https:\\\/\\\/al-chazeau.fr\\\/wp-content\\\/uploads\\\/2025\\\/01\\\/logo-1-e1736343675380.png\",\"width\":1375,\"height\":167},{\"@type\":\"BreadcrumbList\",\"@id\":\"https:\\\/\\\/al-chazeau.fr\\\/#breadcrumb\",\"itemListElement\":[{\"@type\":\"ListItem\",\"position\":1,\"name\":\"Home\",\"item\":\"https:\\\/\\\/al-chazeau.fr\\\/\"},{\"@type\":\"ListItem\",\"position\":2,\"name\":\"Accueil\"}]},{\"@type\":\"WebSite\",\"@id\":\"https:\\\/\\\/al-chazeau.fr\\\/#website\",\"url\":\"https:\\\/\\\/al-chazeau.fr\\\/\",\"name\":\"Amicale La\u00efque de Chazeau\",\"description\":\"Amicale La\u00efque de Chazeau\",\"publisher\":{\"@id\":\"https:\\\/\\\/al-chazeau.fr\\\/#organization\"},\"potentialAction\":[{\"@type\":\"SearchAction\",\"target\":{\"@type\":\"EntryPoint\",\"urlTemplate\":\"https:\\\/\\\/al-chazeau.fr\\\/?s={search_term_string}\"},\"query-input\":{\"@type\":\"PropertyValueSpecification\",\"valueRequired\":true,\"valueName\":\"search_term_string\"}}],\"inLanguage\":\"fr-FR\"},{\"@type\":\"Organization\",\"@id\":\"https:\\\/\\\/al-chazeau.fr\\\/#organization\",\"name\":\"Amicale La\u00efque de Chazeau\",\"url\":\"https:\\\/\\\/al-chazeau.fr\\\/\",\"logo\":{\"@type\":\"ImageObject\",\"inLanguage\":\"fr-FR\",\"@id\":\"https:\\\/\\\/al-chazeau.fr\\\/#\\\/schema\\\/logo\\\/image\\\/\",\"url\":\"https:\\\/\\\/al-chazeau.fr\\\/wp-content\\\/uploads\\\/2025\\\/01\\\/cropped-logo-site.png\",\"contentUrl\":\"https:\\\/\\\/al-chazeau.fr\\\/wp-content\\\/uploads\\\/2025\\\/01\\\/cropped-logo-site.png\",\"width\":63,\"height\":60,\"caption\":\"Amicale La\u00efque de Chazeau\"},\"image\":{\"@id\":\"https:\\\/\\\/al-chazeau.fr\\\/#\\\/schema\\\/logo\\\/image\\\/\"}}]}<\/script>\n<!-- \/ Yoast SEO plugin. -->","yoast_head_json":{"title":"Accueil - Amicale La\u00efque de Chazeau","robots":{"index":"index","follow":"follow","max-snippet":"max-snippet:-1","max-image-preview":"max-image-preview:large","max-video-preview":"max-video-preview:-1"},"canonical":"https:\/\/al-chazeau.fr\/","og_locale":"fr_FR","og_type":"article","og_title":"Accueil - Amicale La\u00efque de Chazeau","og_description":"Site en cours de d\u00e9veloppement Prochain \u00e9v\u00e9nement : &#8212;&#8212;&#8212;&#8212;&#8212;&#8212;&#8212;&#8212;&#8212;&#8212;&#8212;&#8212;&#8212;&#8212;&#8212;&#8212;&#8212;&#8212;&#8212;&#8212;&#8212;&#8212;&#8212;&#8212;&#8212;&#8212;&#8212;&#8212; Calendrier : Samedi 25 Janvier : Journ\u00e9e du CochonSamedi 15 F\u00e9vrier [&hellip;]","og_url":"https:\/\/al-chazeau.fr\/","og_site_name":"Amicale La\u00efque de Chazeau","article_modified_time":"2025-04-07T13:29:44+00:00","og_image":[{"url":"https:\/\/al-chazeau.fr\/wp-content\/uploads\/2025\/01\/logo-1-e1736343675380.png","type":"","width":"","height":""}],"twitter_card":"summary_large_image","twitter_misc":{"Dur\u00e9e de lecture estim\u00e9e":"3 minutes"},"schema":{"@context":"https:\/\/schema.org","@graph":[{"@type":"WebPage","@id":"https:\/\/al-chazeau.fr\/","url":"https:\/\/al-chazeau.fr\/","name":"Accueil - Amicale La\u00efque de Chazeau","isPartOf":{"@id":"https:\/\/al-chazeau.fr\/#website"},"primaryImageOfPage":{"@id":"https:\/\/al-chazeau.fr\/#primaryimage"},"image":{"@id":"https:\/\/al-chazeau.fr\/#primaryimage"},"thumbnailUrl":"https:\/\/al-chazeau.fr\/wp-content\/uploads\/2025\/01\/logo-1-e1736343675380.png","datePublished":"2025-01-08T13:38:03+00:00","dateModified":"2025-04-07T13:29:44+00:00","breadcrumb":{"@id":"https:\/\/al-chazeau.fr\/#breadcrumb"},"inLanguage":"fr-FR","potentialAction":[{"@type":"ReadAction","target":["https:\/\/al-chazeau.fr\/"]}]},{"@type":"ImageObject","inLanguage":"fr-FR","@id":"https:\/\/al-chazeau.fr\/#primaryimage","url":"https:\/\/al-chazeau.fr\/wp-content\/uploads\/2025\/01\/logo-1-e1736343675380.png","contentUrl":"https:\/\/al-chazeau.fr\/wp-content\/uploads\/2025\/01\/logo-1-e1736343675380.png","width":1375,"height":167},{"@type":"BreadcrumbList","@id":"https:\/\/al-chazeau.fr\/#breadcrumb","itemListElement":[{"@type":"ListItem","position":1,"name":"Home","item":"https:\/\/al-chazeau.fr\/"},{"@type":"ListItem","position":2,"name":"Accueil"}]},{"@type":"WebSite","@id":"https:\/\/al-chazeau.fr\/#website","url":"https:\/\/al-chazeau.fr\/","name":"Amicale La\u00efque de Chazeau","description":"Amicale La\u00efque de Chazeau","publisher":{"@id":"https:\/\/al-chazeau.fr\/#organization"},"potentialAction":[{"@type":"SearchAction","target":{"@type":"EntryPoint","urlTemplate":"https:\/\/al-chazeau.fr\/?s={search_term_string}"},"query-input":{"@type":"PropertyValueSpecification","valueRequired":true,"valueName":"search_term_string"}}],"inLanguage":"fr-FR"},{"@type":"Organization","@id":"https:\/\/al-chazeau.fr\/#organization","name":"Amicale La\u00efque de Chazeau","url":"https:\/\/al-chazeau.fr\/","logo":{"@type":"ImageObject","inLanguage":"fr-FR","@id":"https:\/\/al-chazeau.fr\/#\/schema\/logo\/image\/","url":"https:\/\/al-chazeau.fr\/wp-content\/uploads\/2025\/01\/cropped-logo-site.png","contentUrl":"https:\/\/al-chazeau.fr\/wp-content\/uploads\/2025\/01\/cropped-logo-site.png","width":63,"height":60,"caption":"Amicale La\u00efque de Chazeau"},"image":{"@id":"https:\/\/al-chazeau.fr\/#\/schema\/logo\/image\/"}}]}},"_links":{"self":[{"href":"https:\/\/al-chazeau.fr\/index.php?rest_route=\/wp\/v2\/pages\/8","targetHints":{"allow":["GET"]}}],"collection":[{"href":"https:\/\/al-chazeau.fr\/index.php?rest_route=\/wp\/v2\/pages"}],"about":[{"href":"https:\/\/al-chazeau.fr\/index.php?rest_route=\/wp\/v2\/types\/page"}],"author":[{"embeddable":true,"href":"https:\/\/al-chazeau.fr\/index.php?rest_route=\/wp\/v2\/users\/1"}],"replies":[{"embeddable":true,"href":"https:\/\/al-chazeau.fr\/index.php?rest_route=%2Fwp%2Fv2%2Fcomments&post=8"}],"version-history":[{"count":16,"href":"https:\/\/al-chazeau.fr\/index.php?rest_route=\/wp\/v2\/pages\/8\/revisions"}],"predecessor-version":[{"id":169,"href":"https:\/\/al-chazeau.fr\/index.php?rest_route=\/wp\/v2\/pages\/8\/revisions\/169"}],"wp:attachment":[{"href":"https:\/\/al-chazeau.fr\/index.php?rest_route=%2Fwp%2Fv2%2Fmedia&parent=8"}],"curies":[{"name":"wp","href":"https:\/\/api.w.org\/{rel}","templated":true}]}}